{"id":111,"date":"2023-07-25T15:32:07","date_gmt":"2023-07-25T15:32:07","guid":{"rendered":"https:\/\/dev-site.cardi-link.com\/legal\/"},"modified":"2024-05-15T13:01:07","modified_gmt":"2024-05-15T13:01:07","slug":"legal","status":"publish","type":"page","link":"https:\/\/www.cardilink.com\/de\/legal\/","title":{"rendered":"Legal"},"content":{"rendered":"<section class=\"u-clearfix u-section-2\" id=\"sec-9d58\">\n      <div class=\"u-clearfix u-sheet u-sheet-1\">\n        <div class=\"u-align-left u-container-style u-group u-white u-group-1\">\n          <div class=\"u-container-layout u-valign-top u-container-layout-1\">\n            <p class=\"u-text u-text-body-color u-text-1\"><b>Impre\u200bssum<\/b>\n              <br>\n              <br>Angaben gem\u00e4\u00df \u00a7 5 TMG:<br>CardiLink GmbH<br>Bahnhofstra\u00dfe 2<br>90402 N\u00fcrnberg<br>Germany<br>Vertreten durch: Lars Wassermann&nbsp;<br>Kontakt:<br>E-Mail:&nbsp;<a href=\"mailto:sales@cardi-link.com\" class=\"u-active-none u-border-none u-btn u-button-link u-button-style u-hover-none u-none u-text-custom-color-1 u-btn-1\">sales@cardi-link.com<\/a>\n              <br>Telefon: +49 (0)911 733 050 44<br>USt-IdNr.: DE 308590937&nbsp;<br>Registereintrag:<br>Eintragung im Handelsregister<br>Registergericht: F\u00fcrth<br>Registernummer: HRB 15812<br>Verantwortlich f\u00fcr den Inhalt nach \u00a7 55 Abs. 2 RStV&nbsp;<br>Lars Wassermann<br>\n              <br>\n              <br><b>Copyright &amp; Urheberrecht<\/b>\n              <br>\n              <br>Die durch die Seitenbetreiber erstellten Inhalte und Werke auf diesen Seiten unterliegen dem deutschen Urheberrecht. Die Vervielf\u00e4ltigung, Bearbeitung, Verbreitung und jede Art der Verwertung au\u00dferhalb der Grenzen des Urheberrechtes bed\u00fcrfen der schriftlichen Zustimmung des jeweiligen Autors bzw. Erstellers. Downloads und Kopien dieser Seite sind nur f\u00fcr den privaten, nicht kommerziellen Gebrauch gestattet. Soweit die Inhalte auf dieser Seite nicht vom Betreiber erstellt wurden, werden die Urheberrechte Dritter beachtet. Insbesondere werden Inhalte Dritter als solche gekennzeichnet. Sollten Sie trotzdem auf eine Urheberrechtsverletzung aufmerksam werden, bitten wir um einen entsprechenden Hinweis. Bei Bekanntwerden von Rechtsverletzungen werden wir derartige Inhalte umgehend entfernen.<br>\n              <br><b>Disclaimer<\/b>\n              <br>\n              <br>Die Inhalte unserer Seiten wurden mit gr\u00f6\u00dfter Sorgfalt erstellt. F\u00fcr die Richtigkeit, Vollst\u00e4ndigkeit und Aktualit\u00e4t der Inhalte k\u00f6nnen wir jedoch keine Gew\u00e4hr \u00fcbernehmen. Als Diensteanbieter sind wir gem\u00e4\u00df \u00a7 7 Abs.1 TMG f\u00fcr eigene Inhalte auf diesen Seiten nach den allgemeinen Gesetzen verantwortlich. Nach \u00a7\u00a7 8 bis 10 TMG sind wir als Diensteanbieter jedoch nicht verpflichtet, \u00fcbermittelte oder gespeicherte fremde Informationen zu \u00fcberwachen oder nach Umst\u00e4nden zu forschen, die auf eine rechtswidrige T\u00e4tigkeit hinweisen. Verpflichtungen zur Entfernung oder Sperrung der Nutzung von Informationen nach den allgemeinen Gesetzen bleiben hiervon unber\u00fchrt. Eine diesbez\u00fcgliche Haftung ist jedoch erst ab dem Zeitpunkt der Kenntnis einer konkreten Rechtsverletzung m\u00f6glich. Bei Bekanntwerden von entsprechenden Rechtsverletzungen werden wir diese Inhalte umgehend entfernen.<br>\n              <br><b>Datenschutz<\/b>\n              <br>\n              <br>Die Nutzung unserer Webseite ist in der Regel ohne Angabe personenbezogener Daten und ohne eine Identifikation des Nutzers (z.B. via sogenannter HTTP Cookies) m\u00f6glich. Soweit auf unseren Seiten personenbezogene Daten (beispielsweise Name, Anschrift, Telefonnummer, E-Mail-Adressen, kryptographische Schl\u00fcssel bzw. Zertifikate, IP Adressen) erhoben werden, erfolgt dies, soweit m\u00f6glich, stets auf freiwilliger Basis. Diese Daten werden ohne Ihre ausdr\u00fcckliche Zustimmung bzw. ohne gesetzliche Grundlage niemals an Dritte weitergegeben. Einige Angebote dieser Webseite k\u00f6nnen spezielle auf Ihre pers\u00f6nlichen Interessen zugeschnittene Inhalte anbieten. Hierf\u00fcr sind ein Benutzername und ein Passwort, ein kryptographisches Zertifikat oder sogenannte HTTP Cookies notwendig. Solcherlei sensiblen Daten werden mit besonderer Sorgfalt verarbeitet, gespeichert und vor einem unberechtigten Zugriff durch Dritte gesch\u00fctzt. Wir weisen darauf hin, dass die Daten\u00fcbertragung im Internet (z.B. bei der Kommunikation per E-Mail) Sicherheitsl\u00fccken aufweisen kann. Ein l\u00fcckenloser Schutz der Daten vor einem Zugriff durch Dritte ist derzeit leider nicht m\u00f6glich. F\u00fcr die Kommunikation via E-Mail empfehlen wir Ihnen deshalb die Verschl\u00fcsselung aller E-Mails via OpenPGP. Unsere OpenPGP-Schl\u00fcssel finden Sie im Impressum.<br>\n              <br><b>Zugriffsstatistiken<\/b>\n              <br>\n              <br>Bei jedem Zugriff auf diese Webseite und bei jedem Abruf bereitgestellter Datens\u00e4tze werden Zugriffsstatistiken \u00fcber diesen Vorgang in einer Protokolldatei gespeichert. Diese Daten umfassen u.a.: Ihre IP-Adresse, Datum, Uhrzeit, Ihre Browserkennung, m\u00f6gliche Cookies, betrachtete Webseite (URI), Referer, HTTP-Statuscodes und u.U. weitere kontextabh\u00e4ngige HTTP-Headerfelder. Diese Zugriffsstatistiken dienen in erster Linie der Fehlererkennung und der Verbesserung der angebotenen Dienste und werden aus Sicherheitsgr\u00fcnden nicht auf dem gleichen System wie diese Webseite selbst gespeichert. Anonymisierte Zugriffsstatistiken werden in einem sogenannten \"Ewigen Logfile\" gespeichert und in regelm\u00e4ssigen Abst\u00e4nden als Open Data ver\u00f6ffentlicht. Die kryptographischen Zwischenst\u00e4nde dieses Logfiles (Hashes) werden jeweils zeitnah bereitgestellt. Aus Gr\u00fcnden des Datenschutzes verzichtet diese Webseite auf die Verwendung externer Anbieter von Echtzeit-Webanalysetools (z.B. Google Analytics).<br>\n              <br><b>Auskunftsrecht<\/b>\n              <br>\n              <br>Nach dem Bundesdatenschutzgesetz haben Sie als Nutzer das Recht auf unentgeltliche Auskunft \u00fcber Ihre bzw. \u00fcber Sie gespeicherten Daten sowie ggf. ein Recht auf Berichtigung, Sperrung oder L\u00f6schung dieser Daten. Bei Fragen zur Erhebung, Verarbeitung oder Nutzung personenbezogenen Daten, bei Ausk\u00fcnften, Berichtigung, Sperrung oder L\u00f6schung von Daten sowie Widerruf erteilter Einwilligungen wenden Sie sich bitte an eine der im Impressum genannten Kontaktadressen.<br>\n              <br><b>Inverser Datenschutz<\/b>\n              <br>\n              <br>Der Nutzung von im Rahmen der Impressumspflicht ver\u00f6ffentlichten Kontaktdaten durch Dritte zur \u00dcbersendung von nicht ausdr\u00fccklich angeforderter Werbung und Informationsmaterialien wird hiermit ausdr\u00fccklich widersprochen. Die Betreiber dieser Webseite behalten sich ausdr\u00fccklich rechtliche Schritte im Falle der unverlangten Zusendung von Werbeinformationen, etwa durch Spam-Mails, vor. \n            <\/p>\n          <\/div>\n        <\/div>\n      <\/div>\n    <\/section>","protected":false},"excerpt":{"rendered":"<p>Impre\u200bssum Angaben gem\u00e4\u00df \u00a7 5 TMG:CardiLink GmbHBahnhofstra\u00dfe 290402 N\u00fcrnbergGermanyVertreten durch: Lars Wassermann&nbsp;Kontakt:E-Mail:&nbsp;sales@cardi-link.com Telefon: +49 (0)911 733 050 44USt-IdNr.: DE 308590937&nbsp;Registereintrag:Eintragung im HandelsregisterRegistergericht: F\u00fcrthRegisternummer: HRB 15812Verantwortlich f\u00fcr den Inhalt nach \u00a7 55 Abs. 2 RStV&nbsp;Lars Wassermann Copyright &amp; Urheberrecht Die durch die Seitenbetreiber erstellten Inhalte und Werke auf diesen Seiten unterliegen dem deutschen Urheberrecht. Die Vervielf\u00e4ltigung, &hellip; <a href=\"https:\/\/www.cardilink.com\/de\/legal\/\" class=\"more-link\">Continue reading<span class=\"screen-reader-text\"> &#8220;Legal&#8221;<\/span><\/a><\/p>","protected":false},"author":1,"featured_media":0,"parent":0,"menu_order":11,"comment_status":"closed","ping_status":"closed","template":"","meta":{"content-type":"","footnotes":""},"class_list":["post-111","page","type-page","status-publish","hentry"],"jetpack_sharing_enabled":true,"_links":{"self":[{"href":"https:\/\/www.cardilink.com\/de\/wp-json\/wp\/v2\/pages\/111","targetHints":{"allow":["GET"]}}],"collection":[{"href":"https:\/\/www.cardilink.com\/de\/wp-json\/wp\/v2\/pages"}],"about":[{"href":"https:\/\/www.cardilink.com\/de\/wp-json\/wp\/v2\/types\/page"}],"author":[{"embeddable":true,"href":"https:\/\/www.cardilink.com\/de\/wp-json\/wp\/v2\/users\/1"}],"replies":[{"embeddable":true,"href":"https:\/\/www.cardilink.com\/de\/wp-json\/wp\/v2\/comments?post=111"}],"version-history":[{"count":2,"href":"https:\/\/www.cardilink.com\/de\/wp-json\/wp\/v2\/pages\/111\/revisions"}],"predecessor-version":[{"id":290,"href":"https:\/\/www.cardilink.com\/de\/wp-json\/wp\/v2\/pages\/111\/revisions\/290"}],"wp:attachment":[{"href":"https:\/\/www.cardilink.com\/de\/wp-json\/wp\/v2\/media?parent=111"}],"curies":[{"name":"wp","href":"https:\/\/api.w.org\/{rel}","templated":true}]}}